{"id":11997,"date":"2024-05-10T13:36:09","date_gmt":"2024-05-10T11:36:09","guid":{"rendered":"https:\/\/www.austrianjob.com\/submit-resume\/"},"modified":"2024-05-22T01:12:54","modified_gmt":"2024-05-21T23:12:54","slug":"cv","status":"publish","type":"page","link":"https:\/\/www.austrianjob.com\/bs\/cv\/","title":{"rendered":"Prijava za stru\u010dnjake"},"content":{"rendered":"<div data-elementor-type=\"wp-page\" data-elementor-id=\"11997\" class=\"elementor elementor-11997\">\n\t\t\t\t<div class=\"elementor-element elementor-element-758e209 e-flex e-con-boxed e-con e-parent\" data-id=\"758e209\" data-element_type=\"container\">\n\t\t\t\t\t<div class=\"e-con-inner\">\n\t\t\t\t<div class=\"elementor-element elementor-element-e93adf8 elementor-widget elementor-widget-text-editor\" data-id=\"e93adf8\" data-element_type=\"widget\" data-widget_type=\"text-editor.default\">\n\t\t\t\t<div class=\"elementor-widget-container\">\n\t\t\t\t\t\t\t\t\t<p>Imate li pitanja ili problema s registracijom? <a href=\"\/bs\/kontakt\/\">Kontaktirajte nas ovdje<\/a>.<\/p>\t\t\t\t\t\t\t\t<\/div>\n\t\t\t\t<\/div>\n\t\t\t\t\t<\/div>\n\t\t\t\t<\/div>\n\t\t<div class=\"elementor-element elementor-element-4538f871 e-flex e-con-boxed e-con e-parent\" data-id=\"4538f871\" data-element_type=\"container\">\n\t\t\t\t\t<div class=\"e-con-inner\">\n\t\t\t\t<div class=\"elementor-element elementor-element-4e9dce3d elementor-widget elementor-widget-shortcode\" data-id=\"4e9dce3d\" data-element_type=\"widget\" data-widget_type=\"shortcode.default\">\n\t\t\t\t<div class=\"elementor-widget-container\">\n\t\t\t\t\t\t\t<div class=\"elementor-shortcode\"><form action=\"\/bs\/wp-json\/wp\/v2\/pages\/11997\" method=\"post\" id=\"submit-resume-form\" class=\"job-manager-form\" enctype=\"multipart\/form-data\" data-trp-original-action=\"\/bs\/wp-json\/wp\/v2\/pages\/11997\"  >\n\n\t<input type=\"hidden\" id=\"_wpjm_nonce\" name=\"_wpjm_nonce\" value=\"69738bcdcd\" \/><input type=\"hidden\" name=\"_wp_http_referer\" value=\"\/bs\/wp-json\/wp\/v2\/pages\/11997\" \/>\n\t\n\t\n\t\t<!-- Resume Fields -->\n\t\t\n\t\t\t\t\t<fieldset class=\"fieldset-candidate_photo\">\n\t\t\t\t<label for=\"candidate_photo\">Slika<\/label>\n\t\t\t\t<div class=\"field\">\n\t\t\t\t\t<div class=\"job-manager-uploaded-files\">\n\t<\/div>\n\n<input\n\ttype=\"file\"\n\tclass=\"input-text\"\n\tdata-file_types=\"jpg|jpeg|gif|png\"\n\t\t\t\tname=\"candidate_photo\"\n\tid=\"candidate_photo\"\n\tplaceholder=\"\"\n\/>\n<small class=\"description\">\n\t\t\tMaksimalna veli\u010dina datoteke: 128 MB.\t<\/small>\n\t\t\t\t<\/div>\n\t\t\t<\/fieldset>\n\t\t\t\t\t<fieldset class=\"fieldset-first_name\">\n\t\t\t\t<label for=\"first_name\">Vorname<\/label>\n\t\t\t\t<div class=\"field\">\n\t\t\t\t\t<input type=\"text\" class=\"input-text\" name=\"first_name\" id=\"first_name\" placeholder=\"Vorname eingeben\" value=\"\" maxlength=\"\" required \/>\n\t\t\t\t<\/div>\n\t\t\t<\/fieldset>\n\t\t\t\t\t<fieldset class=\"fieldset-last_name\">\n\t\t\t\t<label for=\"last_name\">Prezime<\/label>\n\t\t\t\t<div class=\"field\">\n\t\t\t\t\t<input type=\"text\" class=\"input-text\" name=\"last_name\" id=\"last_name\" placeholder=\"Dodajte prezime\" value=\"\" maxlength=\"\" required \/>\n\t\t\t\t<\/div>\n\t\t\t<\/fieldset>\n\t\t\t\t\t<fieldset class=\"fieldset-birth_date\">\n\t\t\t\t<label for=\"birth_date\">Datum ro\u0111enja<\/label>\n\t\t\t\t<div class=\"field\">\n\t\t\t\t\t<input type=\"text\" class=\"input-text\" name=\"birth_date\" id=\"birth_date\" placeholder=\"Dodajte datum ro\u0111enja\" value=\"\" maxlength=\"\" required \/>\n\t\t\t\t<\/div>\n\t\t\t<\/fieldset>\n\t\t\t\t\t<fieldset class=\"fieldset-street\">\n\t\t\t\t<label for=\"street\">Ulica i ku\u0107ni broj<\/label>\n\t\t\t\t<div class=\"field\">\n\t\t\t\t\t<input type=\"text\" class=\"input-text\" name=\"street\" id=\"street\" placeholder=\"Dodajte ulicu i ku\u0107ni broj\" value=\"\" maxlength=\"\" required \/>\n\t\t\t\t<\/div>\n\t\t\t<\/fieldset>\n\t\t\t\t\t<fieldset class=\"fieldset-city\">\n\t\t\t\t<label for=\"city\">Grad<\/label>\n\t\t\t\t<div class=\"field\">\n\t\t\t\t\t<input type=\"text\" class=\"input-text\" name=\"city\" id=\"city\" placeholder=\"Dodajte grad\" value=\"\" maxlength=\"\" required \/>\n\t\t\t\t<\/div>\n\t\t\t<\/fieldset>\n\t\t\t\t\t<fieldset class=\"fieldset-postal_code\">\n\t\t\t\t<label for=\"postal_code\">Po\u0161tanski broj<\/label>\n\t\t\t\t<div class=\"field\">\n\t\t\t\t\t<input type=\"text\" class=\"input-text\" name=\"postal_code\" id=\"postal_code\" placeholder=\"Dodajte po\u0161tanski broj\" value=\"\" maxlength=\"\" required \/>\n\t\t\t\t<\/div>\n\t\t\t<\/fieldset>\n\t\t\t\t\t<fieldset class=\"fieldset-country\">\n\t\t\t\t<label for=\"country\">Dr\u017eava<\/label>\n\t\t\t\t<div class=\"field\">\n\t\t\t\t\t<input type=\"text\" class=\"input-text\" name=\"country\" id=\"country\" placeholder=\"Dodajte dr\u017eavu\" value=\"\" maxlength=\"\" required \/>\n\t\t\t\t<\/div>\n\t\t\t<\/fieldset>\n\t\t\t\t\t<fieldset class=\"fieldset-phone_number\">\n\t\t\t\t<label for=\"phone_number\">Broj telefona<\/label>\n\t\t\t\t<div class=\"field\">\n\t\t\t\t\t<input type=\"text\" class=\"input-text\" name=\"phone_number\" id=\"phone_number\" placeholder=\"Dodajte broj telefona\" value=\"\" maxlength=\"\" required \/>\n\t\t\t\t<\/div>\n\t\t\t<\/fieldset>\n\t\t\t\t\t<fieldset class=\"fieldset-candidate_email\">\n\t\t\t\t<label for=\"candidate_email\">E-mail adresa<\/label>\n\t\t\t\t<div class=\"field\">\n\t\t\t\t\t<input type=\"text\" class=\"input-text\" name=\"candidate_email\" id=\"candidate_email\" placeholder=\"Dodajte e-mail adresu\" value=\"\" maxlength=\"\" required \/>\n\t\t\t\t<\/div>\n\t\t\t<\/fieldset>\n\t\t\t\t\t<fieldset class=\"fieldset-candidate_title\">\n\t\t\t\t<label for=\"candidate_title\">Saziv struke (stru\u010dnog obrazovanja)<\/label>\n\t\t\t\t<div class=\"field\">\n\t\t\t\t\t<input type=\"text\" class=\"input-text\" name=\"candidate_title\" id=\"candidate_title\" placeholder=\"Dodajte naziv struke\" value=\"\" maxlength=\"\" required \/>\n\t\t\t\t<\/div>\n\t\t\t<\/fieldset>\n\t\t\t\t\t<fieldset class=\"fieldset-professional_experience\">\n\t\t\t\t<label for=\"professional_experience\">Radno iskustvo u godinama<\/label>\n\t\t\t\t<div class=\"field\">\n\t\t\t\t\t<input type=\"text\" class=\"input-text\" name=\"professional_experience\" id=\"professional_experience\" placeholder=\"Dodajte godine radnog iskustva\" value=\"\" maxlength=\"\" required \/>\n\t\t\t\t<\/div>\n\t\t\t<\/fieldset>\n\t\t\t\t\t<fieldset class=\"fieldset-highest_degree\">\n\t\t\t\t<label for=\"highest_degree\">Najvi\u0161a obrazovna kvalifikacija<\/label>\n\t\t\t\t<div class=\"field\">\n\t\t\t\t\t<input type=\"text\" class=\"input-text\" name=\"highest_degree\" id=\"highest_degree\" placeholder=\"Dodajte najvi\u0161u obrazovnu kvalifikaciju \" value=\"\" maxlength=\"\" required \/>\n\t\t\t\t<\/div>\n\t\t\t<\/fieldset>\n\t\t\t\t\t<fieldset class=\"fieldset-resume_skills\">\n\t\t\t\t<label for=\"resume_skills\">Stru\u010dna znanja\/vje\u0161tine <small>(optional)<\/small><\/label>\n\t\t\t\t<div class=\"field\">\n\t\t\t\t\t<input type=\"text\" class=\"input-text\" name=\"resume_skills\" id=\"resume_skills\" placeholder=\"Lista relevantnih stru\u010dnosti\/vje\u0161tina odvojena zarezima\" value=\"\" maxlength=\"\"  \/>\n\t\t\t\t<\/div>\n\t\t\t<\/fieldset>\n\t\t\t\t\t<fieldset class=\"fieldset-candidate_education\">\n\t\t\t\t<label for=\"candidate_education\">Obrazovanje<\/label>\n\t\t\t\t<div class=\"field\">\n\t\t\t\t\t\n<a href=\"#\" class=\"resume-manager-add-row\" data-row=\"\t\t&lt;div class=&quot;resume-manager-data-row&quot;&gt;\t\t\t&lt;input type=&quot;hidden&quot; class=&quot;repeated-row-index&quot; name=&quot;repeated-row-candidate_education[]&quot; value=&quot;%%repeated-row-index%%&quot; \/&gt;\t\t\t&lt;a href=&quot;#&quot; class=&quot;resume-manager-remove-row&quot;&gt;Remove&lt;\/a&gt;\t\t\t\t\t\t\t&lt;fieldset class=&quot;fieldset-location&quot;&gt;\t\t\t\t\t&lt;label for=&quot;candidate_education_location_%%repeated-row-index%%&quot;&gt;Name der Hochschule oder Ausbildungsst\u00e4tte&lt;\/label&gt;\t\t\t\t\t&lt;div class=&quot;field&quot;&gt;\t\t\t\t\t\t&lt;input type=&quot;text&quot; class=&quot;input-text&quot; name=&quot;candidate_education_location_%%repeated-row-index%%&quot; id=&quot;candidate_education_location_%%repeated-row-index%%&quot; placeholder=&quot;&quot; value=&quot;&quot; maxlength=&quot;&quot; required \/&gt;\t\t\t\t\t&lt;\/div&gt;\t\t\t\t&lt;\/fieldset&gt;\t\t\t\t\t\t\t&lt;fieldset class=&quot;fieldset-qualification&quot;&gt;\t\t\t\t\t&lt;label for=&quot;candidate_education_qualification_%%repeated-row-index%%&quot;&gt;Abschluss&lt;\/label&gt;\t\t\t\t\t&lt;div class=&quot;field&quot;&gt;\t\t\t\t\t\t&lt;input type=&quot;text&quot; class=&quot;input-text&quot; name=&quot;candidate_education_qualification_%%repeated-row-index%%&quot; id=&quot;candidate_education_qualification_%%repeated-row-index%%&quot; placeholder=&quot;&quot; value=&quot;&quot; maxlength=&quot;&quot; required \/&gt;\t\t\t\t\t&lt;\/div&gt;\t\t\t\t&lt;\/fieldset&gt;\t\t\t\t\t\t\t&lt;fieldset class=&quot;fieldset-date&quot;&gt;\t\t\t\t\t&lt;label for=&quot;candidate_education_date_%%repeated-row-index%%&quot;&gt;Startdatum&lt;\/label&gt;\t\t\t\t\t&lt;div class=&quot;field&quot;&gt;\t\t\t\t\t\t&lt;input type=&quot;text&quot; class=&quot;input-text&quot; name=&quot;candidate_education_date_%%repeated-row-index%%&quot; id=&quot;candidate_education_date_%%repeated-row-index%%&quot; placeholder=&quot;&quot; value=&quot;&quot; maxlength=&quot;&quot; required \/&gt;\t\t\t\t\t&lt;\/div&gt;\t\t\t\t&lt;\/fieldset&gt;\t\t\t\t\t\t\t&lt;fieldset class=&quot;fieldset-notes&quot;&gt;\t\t\t\t\t&lt;label for=&quot;candidate_education_notes_%%repeated-row-index%%&quot;&gt;Anmerkungen &lt;small&gt;(optional)&lt;\/small&gt;&lt;\/label&gt;\t\t\t\t\t&lt;div class=&quot;field&quot;&gt;\t\t\t\t\t\t&lt;textarea cols=&quot;20&quot; rows=&quot;3&quot; class=&quot;input-text&quot; name=&quot;candidate_education_notes_%%repeated-row-index%%&quot; id=&quot;candidate_education_notes_%%repeated-row-index%%&quot; placeholder=&quot;&quot; maxlength=&quot;&quot; &gt;&lt;\/textarea&gt;\t\t\t\t\t&lt;\/div&gt;\t\t\t\t&lt;\/fieldset&gt;\t\t\t\t\t\t\t&lt;fieldset class=&quot;fieldset-enddate&quot;&gt;\t\t\t\t\t&lt;label for=&quot;candidate_education_enddate_%%repeated-row-index%%&quot;&gt;Enddatum&lt;\/label&gt;\t\t\t\t\t&lt;div class=&quot;field&quot;&gt;\t\t\t\t\t\t&lt;input type=&quot;text&quot; class=&quot;input-text&quot; name=&quot;candidate_education_enddate_%%repeated-row-index%%&quot; id=&quot;candidate_education_enddate_%%repeated-row-index%%&quot; placeholder=&quot;&quot; value=&quot;&quot; maxlength=&quot;&quot; required \/&gt;\t\t\t\t\t&lt;\/div&gt;\t\t\t\t&lt;\/fieldset&gt;\t\t\t\t\t&lt;\/div&gt;\t\t\">+ Add Education<\/a>\n\t\t\t\t<\/div>\n\t\t\t<\/fieldset>\n\t\t\t\t\t<fieldset class=\"fieldset-candidate_experience\">\n\t\t\t\t<label for=\"candidate_experience\">Prethodni poslodavci<\/label>\n\t\t\t\t<div class=\"field\">\n\t\t\t\t\t\n<a href=\"#\" class=\"resume-manager-add-row\" data-row=\"\t\t&lt;div class=&quot;resume-manager-data-row&quot;&gt;\t\t\t&lt;input type=&quot;hidden&quot; class=&quot;repeated-row-index&quot; name=&quot;repeated-row-candidate_experience[]&quot; value=&quot;%%repeated-row-index%%&quot; \/&gt;\t\t\t&lt;a href=&quot;#&quot; class=&quot;resume-manager-remove-row&quot;&gt;Remove&lt;\/a&gt;\t\t\t\t\t\t\t&lt;fieldset class=&quot;fieldset-employer&quot;&gt;\t\t\t\t\t&lt;label for=&quot;candidate_experience_employer_%%repeated-row-index%%&quot;&gt;Arbeitgeber&lt;\/label&gt;\t\t\t\t\t&lt;div class=&quot;field&quot;&gt;\t\t\t\t\t\t&lt;input type=&quot;text&quot; class=&quot;input-text&quot; name=&quot;candidate_experience_employer_%%repeated-row-index%%&quot; id=&quot;candidate_experience_employer_%%repeated-row-index%%&quot; placeholder=&quot;&quot; value=&quot;&quot; maxlength=&quot;&quot; required \/&gt;\t\t\t\t\t&lt;\/div&gt;\t\t\t\t&lt;\/fieldset&gt;\t\t\t\t\t\t\t&lt;fieldset class=&quot;fieldset-job_title&quot;&gt;\t\t\t\t\t&lt;label for=&quot;candidate_experience_job_title_%%repeated-row-index%%&quot;&gt;Stellenbezeichnung&lt;\/label&gt;\t\t\t\t\t&lt;div class=&quot;field&quot;&gt;\t\t\t\t\t\t&lt;input type=&quot;text&quot; class=&quot;input-text&quot; name=&quot;candidate_experience_job_title_%%repeated-row-index%%&quot; id=&quot;candidate_experience_job_title_%%repeated-row-index%%&quot; placeholder=&quot;&quot; value=&quot;&quot; maxlength=&quot;&quot; required \/&gt;\t\t\t\t\t&lt;\/div&gt;\t\t\t\t&lt;\/fieldset&gt;\t\t\t\t\t\t\t&lt;fieldset class=&quot;fieldset-date&quot;&gt;\t\t\t\t\t&lt;label for=&quot;candidate_experience_date_%%repeated-row-index%%&quot;&gt;Startdatum&lt;\/label&gt;\t\t\t\t\t&lt;div class=&quot;field&quot;&gt;\t\t\t\t\t\t&lt;input type=&quot;text&quot; class=&quot;input-text&quot; name=&quot;candidate_experience_date_%%repeated-row-index%%&quot; id=&quot;candidate_experience_date_%%repeated-row-index%%&quot; placeholder=&quot;&quot; value=&quot;&quot; maxlength=&quot;&quot; required \/&gt;\t\t\t\t\t&lt;\/div&gt;\t\t\t\t&lt;\/fieldset&gt;\t\t\t\t\t\t\t&lt;fieldset class=&quot;fieldset-notes&quot;&gt;\t\t\t\t\t&lt;label for=&quot;candidate_experience_notes_%%repeated-row-index%%&quot;&gt;Anmerkungen &lt;small&gt;(optional)&lt;\/small&gt;&lt;\/label&gt;\t\t\t\t\t&lt;div class=&quot;field&quot;&gt;\t\t\t\t\t\t&lt;textarea cols=&quot;20&quot; rows=&quot;3&quot; class=&quot;input-text&quot; name=&quot;candidate_experience_notes_%%repeated-row-index%%&quot; id=&quot;candidate_experience_notes_%%repeated-row-index%%&quot; placeholder=&quot;&quot; maxlength=&quot;&quot; &gt;&lt;\/textarea&gt;\t\t\t\t\t&lt;\/div&gt;\t\t\t\t&lt;\/fieldset&gt;\t\t\t\t\t\t\t&lt;fieldset class=&quot;fieldset-enddate&quot;&gt;\t\t\t\t\t&lt;label for=&quot;candidate_experience_enddate_%%repeated-row-index%%&quot;&gt;Enddatum&lt;\/label&gt;\t\t\t\t\t&lt;div class=&quot;field&quot;&gt;\t\t\t\t\t\t&lt;input type=&quot;text&quot; class=&quot;input-text&quot; name=&quot;candidate_experience_enddate_%%repeated-row-index%%&quot; id=&quot;candidate_experience_enddate_%%repeated-row-index%%&quot; placeholder=&quot;&quot; value=&quot;&quot; maxlength=&quot;&quot; required \/&gt;\t\t\t\t\t&lt;\/div&gt;\t\t\t\t&lt;\/fieldset&gt;\t\t\t\t\t&lt;\/div&gt;\t\t\">+ Add Experience<\/a>\n\t\t\t\t<\/div>\n\t\t\t<\/fieldset>\n\t\t\t\t\t<fieldset class=\"fieldset-resume_content\">\n\t\t\t\t<label for=\"resume_content\">Motivaciono pismo<\/label>\n\t\t\t\t<div class=\"field\">\n\t\t\t\t\t<div id=\"wp-resume_content-wrap\" class=\"wp-core-ui wp-editor-wrap tmce-active\"><link rel='stylesheet' id='dashicons-css' href='https:\/\/www.austrianjob.com\/wp-includes\/css\/dashicons.min.css?ver=6.9.4' type='text\/css' media='all' \/>\n<link rel='stylesheet' id='editor-buttons-css' href='https:\/\/www.austrianjob.com\/wp-includes\/css\/editor.min.css?ver=6.9.4' type='text\/css' media='all' \/>\n<style> .mce-top-part button { background-color: rgba(0,0,0,0.0) !important; } <\/style>\n<div id=\"wp-resume_content-editor-container\" class=\"wp-editor-container\"><textarea class=\"wp-editor-area\" rows=\"8\" autocomplete=\"off\" cols=\"40\" name=\"resume_content\" id=\"resume_content\"><\/textarea><\/div>\n<\/div>\n\n\t\t\t\t<\/div>\n\t\t\t<\/fieldset>\n\t\t\t\t\t<fieldset class=\"fieldset-resume_file\">\n\t\t\t\t<label for=\"resume_file\">Prilozi <small>(optional)<\/small><\/label>\n\t\t\t\t<div class=\"field\">\n\t\t\t\t\t<div class=\"job-manager-uploaded-files\">\n\t<\/div>\n\n<input\n\ttype=\"file\"\n\tclass=\"input-text\"\n\tdata-file_types=\"jpg|jpeg|jpe|gif|png|bmp|tiff|tif|webp|avif|ico|heic|heif|heics|heifs|asf|asx|wmv|wmx|wm|avi|divx|flv|mov|qt|mpeg|mpg|mpe|mp4|m4v|ogv|webm|mkv|3gp|3gpp|3g2|3gp2|txt|asc|c|cc|h|srt|csv|tsv|ics|rtx|css|vtt|dfxp|mp3|m4a|m4b|aac|ra|ram|wav|x-wav|ogg|oga|flac|mid|midi|wma|wax|mka|rtf|pdf|class|tar|zip|gz|gzip|rar|7z|psd|xcf|doc|pot|pps|ppt|wri|xla|xls|xlt|xlw|mdb|mpp|docx|docm|dotx|dotm|xlsx|xlsm|xlsb|xltx|xltm|xlam|pptx|pptm|ppsx|ppsm|potx|potm|ppam|sldx|sldm|onetoc|onetoc2|onetmp|onepkg|oxps|xps|odt|odp|ods|odg|odc|odb|odf|wp|wpd|key|numbers|pages|svg|svgz|ttf|otf|woff|woff2\"\n\t\t\t\tname=\"resume_file\"\n\tid=\"resume_file\"\n\tplaceholder=\"\"\n\/>\n<small class=\"description\">\n\t\t\tDodatni fajlovi se mogu u\u010ditati opciono. Max. Veli\u010dina fajla: 64 MB.\t<\/small>\n\t\t\t\t<\/div>\n\t\t\t<\/fieldset>\n\t\t\t\t\t<fieldset class=\"fieldset-data_consent\">\n\t\t\t\t<label for=\"data_consent\">Saglasnost za kori\u0161tenje podataka<\/label>\n\t\t\t\t<div class=\"field\">\n\t\t\t\t\t<input type=\"checkbox\" class=\"input-checkbox\" name=\"data_consent\" id=\"data_consent\"  value=\"1\" required \/>\n<small class=\"description\">Sla\u017eem se da se gore navedene informacije mogu koristiti u svrhu prijave i zapo\u0161ljavanja (<a href=\"\/bs\/datenschutz\/\" target=\"_blank\" style=\"font-weight:bold\">Za\u0161tita podataka<\/a>).<\/small>\t\t\t\t<\/div>\n\t\t\t<\/fieldset>\n\t\t\t\t\t<fieldset class=\"fieldset-gt_consent\">\n\t\t\t\t<label for=\"gt_consent\">Op\u0161ti uslovi poslovanja<\/label>\n\t\t\t\t<div class=\"field\">\n\t\t\t\t\t<input type=\"checkbox\" class=\"input-checkbox\" name=\"gt_consent\" id=\"gt_consent\"  value=\"1\" required \/>\n<small class=\"description\">Prihvatam <a href=\"\/bs\/agb\/\" target=\"_blank\" style=\"font-weight:bold\">Uslovi<\/a>.<\/small>\t\t\t\t<\/div>\n\t\t\t<\/fieldset>\n\t\t\n\t\t\n\t\t<p>\n\t\t\t<input type=\"hidden\" name=\"resume_manager_form\" value=\"submit-resume\" \/>\n\t\t\t<input type=\"hidden\" name=\"resume_id\" value=\"0\" \/>\n\t\t\t<input type=\"hidden\" name=\"job_id\" value=\"0\" \/>\n\t\t\t<input type=\"hidden\" name=\"step\" value=\"0\" \/>\n\t\t\t<input type=\"submit\" name=\"submit_resume\" class=\"button\"\n\t\t\tvalue=\"Besplatno se prijavite\" \/>\n\n\t\t<\/p>\n\n\t\n\t<input type=\"hidden\" name=\"trp-form-language\" value=\"bs\"\/><\/form>\n<\/div>\n\t\t\t\t\t\t<\/div>\n\t\t\t\t<\/div>\n\t\t\t\t\t<\/div>\n\t\t\t\t<\/div>\n\t\t\t\t<\/div>","protected":false},"excerpt":{"rendered":"<p>Sie haben Fragen oder Probleme bei der Registrierung? Kontaktieren Sie uns hier.<\/p>","protected":false},"author":1,"featured_media":0,"parent":0,"menu_order":0,"comment_status":"closed","ping_status":"closed","template":"","meta":{"footnotes":""},"class_list":["post-11997","page","type-page","status-publish","hentry"],"yoast_head":"<!-- This site is optimized with the Yoast SEO plugin v24.3 - https:\/\/yoast.com\/wordpress\/plugins\/seo\/ -->\n<title>Anmeldeformular f\u00fcr Fachkr\u00e4fte - Austrian Job Network Association (AJNA)<\/title>\n<meta name=\"robots\" content=\"index, follow, max-snippet:-1, max-image-preview:large, max-video-preview:-1\" \/>\n<link rel=\"canonical\" href=\"https:\/\/www.austrianjob.com\/bs\/cv\/\" \/>\n<meta property=\"og:locale\" content=\"bs_BA\" \/>\n<meta property=\"og:type\" content=\"article\" \/>\n<meta property=\"og:title\" content=\"Anmeldeformular f\u00fcr Fachkr\u00e4fte - Austrian Job Network Association (AJNA)\" \/>\n<meta property=\"og:description\" content=\"Sie haben Fragen oder Probleme bei der Registrierung? Kontaktieren Sie uns hier.\" \/>\n<meta property=\"og:url\" content=\"https:\/\/www.austrianjob.com\/bs\/cv\/\" \/>\n<meta property=\"og:site_name\" content=\"Austrian Job Network Association (AJNA)\" \/>\n<meta property=\"article:modified_time\" content=\"2024-05-21T23:12:54+00:00\" \/>\n<meta name=\"twitter:card\" content=\"summary_large_image\" \/>\n<meta name=\"twitter:label1\" content=\"Est. reading time\" \/>\n\t<meta name=\"twitter:data1\" content=\"1 minuta\" \/>\n<script type=\"application\/ld+json\" class=\"yoast-schema-graph\">{\"@context\":\"https:\/\/schema.org\",\"@graph\":[{\"@type\":\"WebPage\",\"@id\":\"https:\/\/www.austrianjob.com\/cv\/\",\"url\":\"https:\/\/www.austrianjob.com\/cv\/\",\"name\":\"Anmeldeformular f\u00fcr Fachkr\u00e4fte - Austrian Job Network Association (AJNA)\",\"isPartOf\":{\"@id\":\"https:\/\/www.austrianjob.com\/#website\"},\"datePublished\":\"2024-05-10T11:36:09+00:00\",\"dateModified\":\"2024-05-21T23:12:54+00:00\",\"breadcrumb\":{\"@id\":\"https:\/\/www.austrianjob.com\/cv\/#breadcrumb\"},\"inLanguage\":\"bs-BA\",\"potentialAction\":[{\"@type\":\"ReadAction\",\"target\":[\"https:\/\/www.austrianjob.com\/cv\/\"]}]},{\"@type\":\"BreadcrumbList\",\"@id\":\"https:\/\/www.austrianjob.com\/cv\/#breadcrumb\",\"itemListElement\":[{\"@type\":\"ListItem\",\"position\":1,\"name\":\"Startseite\",\"item\":\"https:\/\/www.austrianjob.com\/\"},{\"@type\":\"ListItem\",\"position\":2,\"name\":\"Anmeldeformular f\u00fcr Fachkr\u00e4fte\"}]},{\"@type\":\"WebSite\",\"@id\":\"https:\/\/www.austrianjob.com\/#website\",\"url\":\"https:\/\/www.austrianjob.com\/\",\"name\":\"Austrian Job Network Association (AJNA)\",\"description\":\"Internationale Fachkr\u00e4fte f\u00fcr \u00f6sterreichische Betriebe\",\"potentialAction\":[{\"@type\":\"SearchAction\",\"target\":{\"@type\":\"EntryPoint\",\"urlTemplate\":\"https:\/\/www.austrianjob.com\/?s={search_term_string}\"},\"query-input\":{\"@type\":\"PropertyValueSpecification\",\"valueRequired\":true,\"valueName\":\"search_term_string\"}}],\"inLanguage\":\"bs-BA\"}]}<\/script>\n<!-- \/ Yoast SEO plugin. -->","yoast_head_json":{"title":"Anmeldeformular f\u00fcr Fachkr\u00e4fte - Austrian Job Network Association (AJNA)","robots":{"index":"index","follow":"follow","max-snippet":"max-snippet:-1","max-image-preview":"max-image-preview:large","max-video-preview":"max-video-preview:-1"},"canonical":"https:\/\/www.austrianjob.com\/bs\/cv\/","og_locale":"bs_BA","og_type":"article","og_title":"Anmeldeformular f\u00fcr Fachkr\u00e4fte - Austrian Job Network Association (AJNA)","og_description":"Sie haben Fragen oder Probleme bei der Registrierung? Kontaktieren Sie uns hier.","og_url":"https:\/\/www.austrianjob.com\/bs\/cv\/","og_site_name":"Austrian Job Network Association (AJNA)","article_modified_time":"2024-05-21T23:12:54+00:00","twitter_card":"summary_large_image","twitter_misc":{"Est. reading time":"1 minuta"},"schema":{"@context":"https:\/\/schema.org","@graph":[{"@type":"WebPage","@id":"https:\/\/www.austrianjob.com\/cv\/","url":"https:\/\/www.austrianjob.com\/cv\/","name":"Anmeldeformular f\u00fcr Fachkr\u00e4fte - Austrian Job Network Association (AJNA)","isPartOf":{"@id":"https:\/\/www.austrianjob.com\/#website"},"datePublished":"2024-05-10T11:36:09+00:00","dateModified":"2024-05-21T23:12:54+00:00","breadcrumb":{"@id":"https:\/\/www.austrianjob.com\/cv\/#breadcrumb"},"inLanguage":"bs-BA","potentialAction":[{"@type":"ReadAction","target":["https:\/\/www.austrianjob.com\/cv\/"]}]},{"@type":"BreadcrumbList","@id":"https:\/\/www.austrianjob.com\/cv\/#breadcrumb","itemListElement":[{"@type":"ListItem","position":1,"name":"Startseite","item":"https:\/\/www.austrianjob.com\/"},{"@type":"ListItem","position":2,"name":"Anmeldeformular f\u00fcr Fachkr\u00e4fte"}]},{"@type":"WebSite","@id":"https:\/\/www.austrianjob.com\/#website","url":"https:\/\/www.austrianjob.com\/","name":"Austrian Job Network Association (AJNA)","description":"Internationale Fachkr\u00e4fte f\u00fcr \u00f6sterreichische Betriebe","potentialAction":[{"@type":"SearchAction","target":{"@type":"EntryPoint","urlTemplate":"https:\/\/www.austrianjob.com\/?s={search_term_string}"},"query-input":{"@type":"PropertyValueSpecification","valueRequired":true,"valueName":"search_term_string"}}],"inLanguage":"bs-BA"}]}},"_links":{"self":[{"href":"https:\/\/www.austrianjob.com\/bs\/wp-json\/wp\/v2\/pages\/11997","targetHints":{"allow":["GET"]}}],"collection":[{"href":"https:\/\/www.austrianjob.com\/bs\/wp-json\/wp\/v2\/pages"}],"about":[{"href":"https:\/\/www.austrianjob.com\/bs\/wp-json\/wp\/v2\/types\/page"}],"author":[{"embeddable":true,"href":"https:\/\/www.austrianjob.com\/bs\/wp-json\/wp\/v2\/users\/1"}],"replies":[{"embeddable":true,"href":"https:\/\/www.austrianjob.com\/bs\/wp-json\/wp\/v2\/comments?post=11997"}],"version-history":[{"count":5,"href":"https:\/\/www.austrianjob.com\/bs\/wp-json\/wp\/v2\/pages\/11997\/revisions"}],"predecessor-version":[{"id":12119,"href":"https:\/\/www.austrianjob.com\/bs\/wp-json\/wp\/v2\/pages\/11997\/revisions\/12119"}],"wp:attachment":[{"href":"https:\/\/www.austrianjob.com\/bs\/wp-json\/wp\/v2\/media?parent=11997"}],"curies":[{"name":"wp","href":"https:\/\/api.w.org\/{rel}","templated":true}]}}