{"id":11400,"date":"2024-02-13T09:20:20","date_gmt":"2024-02-13T08:20:20","guid":{"rendered":"https:\/\/www.austrianjob.com\/?page_id=11400"},"modified":"2024-05-08T16:20:13","modified_gmt":"2024-05-08T14:20:13","slug":"impressum","status":"publish","type":"page","link":"https:\/\/www.austrianjob.com\/en\/impressum\/","title":{"rendered":"Imprint"},"content":{"rendered":"<div data-elementor-type=\"wp-page\" data-elementor-id=\"11400\" class=\"elementor elementor-11400\">\n\t\t\t\t\t\t<section class=\"elementor-section elementor-top-section elementor-element elementor-element-25434705 elementor-section-full_width elementor-section-height-default elementor-section-height-default\" data-id=\"25434705\" data-element_type=\"section\">\n\t\t\t\t\t\t<div class=\"elementor-container elementor-column-gap-default\">\n\t\t\t\t\t<div class=\"elementor-column elementor-col-100 elementor-top-column elementor-element elementor-element-5aa2d5b3\" data-id=\"5aa2d5b3\" data-element_type=\"column\">\n\t\t\t<div class=\"elementor-widget-wrap elementor-element-populated\">\n\t\t\t\t\t\t<div class=\"elementor-element elementor-element-4bb4e95 elementor-widget elementor-widget-text-editor\" data-id=\"4bb4e95\" data-element_type=\"widget\" data-widget_type=\"text-editor.default\">\n\t\t\t\t<div class=\"elementor-widget-container\">\n\t\t\t\t\t\t\t\t\t<p><\/p>\n<h2 class=\"wp-block-heading\">Imprint<\/h2>\n<h4>according to \u00a7 5 ECG, \u00a7 25 Abs 5 MedienG and \u00a7 14 UGB:<\/h4>\n<p><\/p>\n<h4 class=\"wp-block-heading\">Location<\/h4>\n<p><\/p>\n<p><b>Austrian Job Network Association (AJNA)<\/b><br>Gr\u00fcnfeldgasse 3\/4<br>8230 Hartberg<br>Austria<\/p>\n<p><\/p>\n<h4 class=\"wp-block-heading\">Contact details<\/h4>\n<p><\/p>\n<p>Sadika Mori\u0107<br><b>Tel.:<\/b> +43 664 407 13 16<br><b>E-Mail:<\/b> office@austrianjob.com<\/p>\n<p><\/p>\n<p><strong><br><\/strong><\/p><p><strong>VAT NUMBER:<\/strong> ATU80539204<\/p>\n<p><\/p>\n<div>\n<div>\n<div>\n<p>Member of the Styrian Chamber of Commerce:&nbsp;<span style=\"font-family: var( --e-global-typography-text-font-family ), Sans-serif;\"><span style=\"font-weight: var( --e-global-typography-text-font-weight );\"><a href=\"https:\/\/www.wko.at\/stmk\" target=\"_blank\" rel=\"noopener\">WKO.at das Portal der Wirtschaftskammern &#8211; Service &#8211; WKO.at<\/a><\/span><\/span><\/p>\n<\/div>\n<\/div>\n<\/div>\n<div>\n<div>\n<div>\n<p>Object of the company: Personnel placement<\/p>\n<p>Trade and professional regulations: <a href=\"https:\/\/www.ris.bka.gv.at\/\" target=\"_blank\" rel=\"noopener\">RIS - Trade Regulations<\/a><\/p>\n<p>Supervisory authority: District authority Hartberg-F\u00fcrstenfeld<\/p>\n<p><span style=\"color: var( --e-global-color-text ); font-family: var( --e-global-typography-text-font-family ), Sans-serif; font-weight: var( --e-global-typography-text-font-weight );\">Editorial line: Information about recruitment<\/span><\/p>\n<p>Information on online dispute resolution: Consumers have the option of submitting complaints to the EU's online dispute resolution platform: <a href=\"https:\/\/ec.europa.eu\/odr\" target=\"_blank\" rel=\"noopener\">https:\/\/ec.europa.eu\/odr<\/a>.  You can also send any complaints to the e-mail address given above.&nbsp;<\/p>\n<\/div>\n<\/div>\n<\/div>\n<div>\n<div>\n<div>\n<p>Photo credit:&nbsp;<a href=\"https:\/\/elements.envato.com\/\" target=\"_blank\" rel=\"noopener noreferrer nofollow\">Envato Elements<\/a>,&nbsp;<a href=\"https:\/\/b2bfoto.at\/\" target=\"_blank\" rel=\"noopener noreferrer nofollow\">b2bfoto.at<\/a><\/p>\n<\/div>\n<\/div>\n<\/div>\n<p><\/p>\t\t\t\t\t\t\t\t<\/div>\n\t\t\t\t<\/div>\n\t\t\t\t\t<\/div>\n\t\t<\/div>\n\t\t\t\t\t<\/div>\n\t\t<\/section>\n\t\t\t\t<\/div>","protected":false},"excerpt":{"rendered":"<p>Impressum nach \u00a7 5 ECG, \u00a7 25 Abs 5 MedienG und \u00a7 14 UGB: Standort Austrian Job Network Association (AJNA)Gr\u00fcnfeldgasse 3\/48230 Hartberg\u00d6sterreich Kontaktdaten Sadika Mori\u0107Tel.: +43 664 407 13 16E-Mail: office@austrianjob.com UID-Nr: ATU80539204 Mitglied der Wirtschaftskammer Steiermark:&nbsp;WKO.at das Portal der Wirtschaftskammern &#8211; Service &#8211; WKO.at Unternehmensgegenstand: Personalvermittlung Gewerbe- und berufsrechtliche Vorschrift: RIS &#8211; Gewerbeordnung Aufsichtsbeh\u00f6rde:&nbsp;Bezirkshauptmannschaft [&hellip;]<\/p>\n","protected":false},"author":1,"featured_media":0,"parent":0,"menu_order":0,"comment_status":"closed","ping_status":"closed","template":"","meta":{"footnotes":""},"class_list":["post-11400","page","type-page","status-publish","hentry"],"yoast_head":"<!-- This site is optimized with the Yoast SEO plugin v24.3 - https:\/\/yoast.com\/wordpress\/plugins\/seo\/ -->\n<title>Impressum - Austrian Job Network Association (AJNA)<\/title>\n<meta name=\"robots\" content=\"index, follow, max-snippet:-1, max-image-preview:large, max-video-preview:-1\" \/>\n<link rel=\"canonical\" href=\"https:\/\/www.austrianjob.com\/en\/impressum\/\" \/>\n<meta property=\"og:locale\" content=\"en_GB\" \/>\n<meta property=\"og:type\" content=\"article\" \/>\n<meta property=\"og:title\" content=\"Impressum - Austrian Job Network Association (AJNA)\" \/>\n<meta property=\"og:description\" content=\"Impressum nach \u00a7 5 ECG, \u00a7 25 Abs 5 MedienG und \u00a7 14 UGB: Standort Austrian Job Network Association (AJNA)Gr\u00fcnfeldgasse 3\/48230 Hartberg\u00d6sterreich Kontaktdaten Sadika Mori\u0107Tel.: +43 664 407 13 16E-Mail: office@austrianjob.com UID-Nr: ATU80539204 Mitglied der Wirtschaftskammer Steiermark:&nbsp;WKO.at das Portal der Wirtschaftskammern &#8211; Service &#8211; WKO.at Unternehmensgegenstand: Personalvermittlung Gewerbe- und berufsrechtliche Vorschrift: RIS &#8211; Gewerbeordnung Aufsichtsbeh\u00f6rde:&nbsp;Bezirkshauptmannschaft [&hellip;]\" \/>\n<meta property=\"og:url\" content=\"https:\/\/www.austrianjob.com\/en\/impressum\/\" \/>\n<meta property=\"og:site_name\" content=\"Austrian Job Network Association (AJNA)\" \/>\n<meta property=\"article:modified_time\" content=\"2024-05-08T14:20:13+00:00\" \/>\n<meta name=\"twitter:card\" content=\"summary_large_image\" \/>\n<meta name=\"twitter:label1\" content=\"Estimated reading time\" \/>\n\t<meta name=\"twitter:data1\" content=\"1 minute\" \/>\n<script type=\"application\/ld+json\" class=\"yoast-schema-graph\">{\"@context\":\"https:\/\/schema.org\",\"@graph\":[{\"@type\":\"WebPage\",\"@id\":\"https:\/\/www.austrianjob.com\/impressum\/\",\"url\":\"https:\/\/www.austrianjob.com\/impressum\/\",\"name\":\"Impressum - Austrian Job Network Association (AJNA)\",\"isPartOf\":{\"@id\":\"https:\/\/www.austrianjob.com\/#website\"},\"datePublished\":\"2024-02-13T08:20:20+00:00\",\"dateModified\":\"2024-05-08T14:20:13+00:00\",\"breadcrumb\":{\"@id\":\"https:\/\/www.austrianjob.com\/impressum\/#breadcrumb\"},\"inLanguage\":\"en-GB\",\"potentialAction\":[{\"@type\":\"ReadAction\",\"target\":[\"https:\/\/www.austrianjob.com\/impressum\/\"]}]},{\"@type\":\"BreadcrumbList\",\"@id\":\"https:\/\/www.austrianjob.com\/impressum\/#breadcrumb\",\"itemListElement\":[{\"@type\":\"ListItem\",\"position\":1,\"name\":\"Startseite\",\"item\":\"https:\/\/www.austrianjob.com\/\"},{\"@type\":\"ListItem\",\"position\":2,\"name\":\"Impressum\"}]},{\"@type\":\"WebSite\",\"@id\":\"https:\/\/www.austrianjob.com\/#website\",\"url\":\"https:\/\/www.austrianjob.com\/\",\"name\":\"Austrian Job Network Association (AJNA)\",\"description\":\"Internationale Fachkr\u00e4fte f\u00fcr \u00f6sterreichische Betriebe\",\"potentialAction\":[{\"@type\":\"SearchAction\",\"target\":{\"@type\":\"EntryPoint\",\"urlTemplate\":\"https:\/\/www.austrianjob.com\/?s={search_term_string}\"},\"query-input\":{\"@type\":\"PropertyValueSpecification\",\"valueRequired\":true,\"valueName\":\"search_term_string\"}}],\"inLanguage\":\"en-GB\"}]}<\/script>\n<!-- \/ Yoast SEO plugin. -->","yoast_head_json":{"title":"Impressum - Austrian Job Network Association (AJNA)","robots":{"index":"index","follow":"follow","max-snippet":"max-snippet:-1","max-image-preview":"max-image-preview:large","max-video-preview":"max-video-preview:-1"},"canonical":"https:\/\/www.austrianjob.com\/en\/impressum\/","og_locale":"en_GB","og_type":"article","og_title":"Impressum - Austrian Job Network Association (AJNA)","og_description":"Impressum nach \u00a7 5 ECG, \u00a7 25 Abs 5 MedienG und \u00a7 14 UGB: Standort Austrian Job Network Association (AJNA)Gr\u00fcnfeldgasse 3\/48230 Hartberg\u00d6sterreich Kontaktdaten Sadika Mori\u0107Tel.: +43 664 407 13 16E-Mail: office@austrianjob.com UID-Nr: ATU80539204 Mitglied der Wirtschaftskammer Steiermark:&nbsp;WKO.at das Portal der Wirtschaftskammern &#8211; Service &#8211; WKO.at Unternehmensgegenstand: Personalvermittlung Gewerbe- und berufsrechtliche Vorschrift: RIS &#8211; Gewerbeordnung Aufsichtsbeh\u00f6rde:&nbsp;Bezirkshauptmannschaft [&hellip;]","og_url":"https:\/\/www.austrianjob.com\/en\/impressum\/","og_site_name":"Austrian Job Network Association (AJNA)","article_modified_time":"2024-05-08T14:20:13+00:00","twitter_card":"summary_large_image","twitter_misc":{"Estimated reading time":"1 minute"},"schema":{"@context":"https:\/\/schema.org","@graph":[{"@type":"WebPage","@id":"https:\/\/www.austrianjob.com\/impressum\/","url":"https:\/\/www.austrianjob.com\/impressum\/","name":"Impressum - Austrian Job Network Association (AJNA)","isPartOf":{"@id":"https:\/\/www.austrianjob.com\/#website"},"datePublished":"2024-02-13T08:20:20+00:00","dateModified":"2024-05-08T14:20:13+00:00","breadcrumb":{"@id":"https:\/\/www.austrianjob.com\/impressum\/#breadcrumb"},"inLanguage":"en-GB","potentialAction":[{"@type":"ReadAction","target":["https:\/\/www.austrianjob.com\/impressum\/"]}]},{"@type":"BreadcrumbList","@id":"https:\/\/www.austrianjob.com\/impressum\/#breadcrumb","itemListElement":[{"@type":"ListItem","position":1,"name":"Startseite","item":"https:\/\/www.austrianjob.com\/"},{"@type":"ListItem","position":2,"name":"Impressum"}]},{"@type":"WebSite","@id":"https:\/\/www.austrianjob.com\/#website","url":"https:\/\/www.austrianjob.com\/","name":"Austrian Job Network Association (AJNA)","description":"Internationale Fachkr\u00e4fte f\u00fcr \u00f6sterreichische Betriebe","potentialAction":[{"@type":"SearchAction","target":{"@type":"EntryPoint","urlTemplate":"https:\/\/www.austrianjob.com\/?s={search_term_string}"},"query-input":{"@type":"PropertyValueSpecification","valueRequired":true,"valueName":"search_term_string"}}],"inLanguage":"en-GB"}]}},"_links":{"self":[{"href":"https:\/\/www.austrianjob.com\/en\/wp-json\/wp\/v2\/pages\/11400","targetHints":{"allow":["GET"]}}],"collection":[{"href":"https:\/\/www.austrianjob.com\/en\/wp-json\/wp\/v2\/pages"}],"about":[{"href":"https:\/\/www.austrianjob.com\/en\/wp-json\/wp\/v2\/types\/page"}],"author":[{"embeddable":true,"href":"https:\/\/www.austrianjob.com\/en\/wp-json\/wp\/v2\/users\/1"}],"replies":[{"embeddable":true,"href":"https:\/\/www.austrianjob.com\/en\/wp-json\/wp\/v2\/comments?post=11400"}],"version-history":[{"count":28,"href":"https:\/\/www.austrianjob.com\/en\/wp-json\/wp\/v2\/pages\/11400\/revisions"}],"predecessor-version":[{"id":11940,"href":"https:\/\/www.austrianjob.com\/en\/wp-json\/wp\/v2\/pages\/11400\/revisions\/11940"}],"wp:attachment":[{"href":"https:\/\/www.austrianjob.com\/en\/wp-json\/wp\/v2\/media?parent=11400"}],"curies":[{"name":"wp","href":"https:\/\/api.w.org\/{rel}","templated":true}]}}