{"id":6241,"date":"2023-02-09T14:14:46","date_gmt":"2023-02-09T14:14:46","guid":{"rendered":"https:\/\/leroux.qodeinteractive.com\/?page_id=6241"},"modified":"2024-05-22T12:19:38","modified_gmt":"2024-05-22T10:19:38","slug":"kontakt","status":"publish","type":"page","link":"https:\/\/www.austrianjob.com\/en\/kontakt\/","title":{"rendered":"Contact"},"content":{"rendered":"<div data-elementor-type=\"wp-page\" data-elementor-id=\"6241\" class=\"elementor elementor-6241\">\n\t\t\t\t\t\t<section class=\"elementor-section elementor-top-section elementor-element elementor-element-0d3bc5a elementor-section-full_width elementor-section-height-default elementor-section-height-default\" data-id=\"0d3bc5a\" data-element_type=\"section\" data-settings=\"{&quot;background_background&quot;:&quot;classic&quot;}\">\n\t\t\t\t\t\t<div class=\"elementor-container elementor-column-gap-no\">\n\t\t\t\t\t<div class=\"elementor-column elementor-col-50 elementor-top-column elementor-element elementor-element-776cc43\" data-id=\"776cc43\" data-element_type=\"column\" data-settings=\"{&quot;background_background&quot;:&quot;classic&quot;}\">\n\t\t\t<div class=\"elementor-widget-wrap elementor-element-populated\">\n\t\t\t\t\t\t<div class=\"elementor-element elementor-element-657824f elementor-widget elementor-widget-spacer\" data-id=\"657824f\" data-element_type=\"widget\" data-widget_type=\"spacer.default\">\n\t\t\t\t<div class=\"elementor-widget-container\">\n\t\t\t\t\t\t\t<div class=\"elementor-spacer\">\n\t\t\t<div class=\"elementor-spacer-inner\"><\/div>\n\t\t<\/div>\n\t\t\t\t\t\t<\/div>\n\t\t\t\t<\/div>\n\t\t\t\t\t<\/div>\n\t\t<\/div>\n\t\t\t\t<div class=\"elementor-column elementor-col-50 elementor-top-column elementor-element elementor-element-8dea69f\" data-id=\"8dea69f\" data-element_type=\"column\">\n\t\t\t<div class=\"elementor-widget-wrap elementor-element-populated\">\n\t\t\t\t\t\t<div class=\"elementor-element elementor-element-af6f0a1 elementor-widget elementor-widget-leroux_core_section_title\" data-id=\"af6f0a1\" data-element_type=\"widget\" data-widget_type=\"leroux_core_section_title.default\">\n\t\t\t\t<div class=\"elementor-widget-container\">\n\t\t\t\t\t<div class=\"qodef-shortcode qodef-m  qodef-section-title qodef-alignment--left\">\n\t\t<h1 class=\"qodef-m-title\" style=\"color: #FFFFFF\">\n\t\t\t\t\tContact\t\t\t<\/h1>\n\t<\/div>\n\t\t\t\t<\/div>\n\t\t\t\t<\/div>\n\t\t\t\t<div class=\"elementor-element elementor-element-5ec6817 elementor-widget elementor-widget-text-editor\" data-id=\"5ec6817\" data-element_type=\"widget\" data-widget_type=\"text-editor.default\">\n\t\t\t\t<div class=\"elementor-widget-container\">\n\t\t\t\t\t\t\t\t\t<p><span style=\"color: #ffffff;\">Sie haben Fragen? Kontaktieren Sie uns \u00fcber das Formular.<\/span><\/p>\t\t\t\t\t\t\t\t<\/div>\n\t\t\t\t<\/div>\n\t\t\t\t<div class=\"elementor-element elementor-element-2dade16 elementor-widget elementor-widget-wp-widget-leroux_core_contact_form_7\" data-id=\"2dade16\" data-element_type=\"widget\" data-widget_type=\"wp-widget-leroux_core_contact_form_7.default\">\n\t\t\t\t<div class=\"elementor-widget-container\">\n\t\t\t\t\t\t\t\t<div class=\"qodef-contact-form-7\">\n\t\t\t\t\n<div class=\"wpcf7 no-js\" id=\"wpcf7-f12104-o1\" lang=\"en-US\" dir=\"ltr\" data-wpcf7-id=\"12104\">\n<div class=\"screen-reader-response\"><p role=\"status\" aria-live=\"polite\" aria-atomic=\"true\"><\/p> <ul><\/ul><\/div>\n<form action=\"\/en\/wp-json\/wp\/v2\/pages\/6241#wpcf7-f12104-o1\" method=\"post\" class=\"wpcf7-form init\" aria-label=\"Contact form\" novalidate=\"novalidate\" data-status=\"init\" data-trp-original-action=\"\/en\/wp-json\/wp\/v2\/pages\/6241#wpcf7-f12104-o1\">\n<fieldset class=\"hidden-fields-container\"><input type=\"hidden\" name=\"_wpcf7\" value=\"12104\" \/><input type=\"hidden\" name=\"_wpcf7_version\" value=\"6.1.5\" \/><input type=\"hidden\" name=\"_wpcf7_locale\" value=\"en_US\" \/><input type=\"hidden\" name=\"_wpcf7_unit_tag\" value=\"wpcf7-f12104-o1\" \/><input type=\"hidden\" name=\"_wpcf7_container_post\" value=\"0\" \/><input type=\"hidden\" name=\"_wpcf7_posted_data_hash\" value=\"\" \/>\n<\/fieldset>\n<div class=\"qodef-main-form qodef-layout--columns qodef-cf7-skin--light\">\n\n  <div class=\"qodef-cf7-columns\">\n\n    <div class=\"qodef-input-holder\">\n      <span class=\"wpcf7-form-control-wrap\" data-name=\"your-name\"><input size=\"40\" maxlength=\"400\" class=\"wpcf7-form-control wpcf7-text wpcf7-validates-as-required\" aria-required=\"true\" aria-invalid=\"false\" placeholder=\"First- and Lastname\" value=\"\" type=\"text\" name=\"your-name\" \/><\/span>\n    <\/div>\n\n    <div class=\"qodef-input-holder\">\n      <span class=\"wpcf7-form-control-wrap\" data-name=\"your-email\"><input size=\"40\" maxlength=\"400\" class=\"wpcf7-form-control wpcf7-email wpcf7-validates-as-required wpcf7-text wpcf7-validates-as-email\" aria-required=\"true\" aria-invalid=\"false\" placeholder=\"E-Mail Address\" value=\"\" type=\"email\" name=\"your-email\" \/><\/span>\n    <\/div>\n\n    <div class=\"qodef-input-holder\">\n      <span class=\"wpcf7-form-control-wrap\" data-name=\"your-phone\"><input size=\"40\" maxlength=\"400\" class=\"wpcf7-form-control wpcf7-tel wpcf7-validates-as-required wpcf7-text wpcf7-validates-as-tel\" aria-required=\"true\" aria-invalid=\"false\" placeholder=\"Phone number\" value=\"\" type=\"tel\" name=\"your-phone\" \/><\/span>\n    <\/div>\n\n  <\/div>\n  \n<div class=\"qodef-input-holder\">\n  <span class=\"wpcf7-form-control-wrap\" data-name=\"your-reason\"><select class=\"wpcf7-form-control wpcf7-select wpcf7-validates-as-required\" aria-required=\"true\" aria-invalid=\"false\" name=\"your-reason\"><option value=\"\">Who are you?<\/option><option value=\"Fachkraft \/ Einzelperson\">Skilled worker \/ individual<\/option><option value=\"Organisation \/ Unternehmen\">Organization \/ Company<\/option><\/select><\/span>\n<\/div>\n  \n  <div class=\"qodef-input-holder\">\n    <span class=\"wpcf7-form-control-wrap\" data-name=\"how-did-you-hear\"><select class=\"wpcf7-form-control wpcf7-select wpcf7-validates-as-required\" aria-required=\"true\" aria-invalid=\"false\" name=\"how-did-you-hear\"><option value=\"\">How did you find us?<\/option><option value=\"Freunde oder Familie\">Friends or Family<\/option><option value=\"Social Media\">Social Media<\/option><option value=\"Google Suche\">Google Search<\/option><option value=\"E-Mail Newsletter\">E-Mail Newsletter<\/option><option value=\"Live Vortrag\">Live presentation<\/option><option value=\"Sonstiges\">Other<\/option><\/select><\/span>\n  <\/div>\n\n  <div class=\"qodef-input-holder\">\n    <span class=\"wpcf7-form-control-wrap\" data-name=\"your-message\"><textarea cols=\"40\" rows=\"5\" maxlength=\"2000\" class=\"wpcf7-form-control wpcf7-textarea\" aria-invalid=\"false\" placeholder=\"Message\" name=\"your-message\"><\/textarea><\/span>\n  <\/div>\n\n  <div class=\"qodef-input-holder\" style=\"margin-top:10px;\">\n    <span class=\"wpcf7-form-control-wrap\" data-name=\"acceptance-825\"><span class=\"wpcf7-form-control wpcf7-acceptance\"><span class=\"wpcf7-list-item\"><label><input type=\"checkbox\" name=\"acceptance-825\" value=\"1\" aria-invalid=\"false\" \/><span class=\"wpcf7-list-item-label\">I accept the <a href=\"\/en\/agb\/\" target=\"_blank\" style=\"font-weight:bold;\">GTC<\/a> take note of the <a href=\"\/en\/datenschutz\/\" target=\"_blank\" style=\"font-weight:bold;\">Privacy policy<\/a> .<\/span><\/label><\/span><\/span><\/span>\n  <\/div>\n\n  <button class=\"wpcf7-form-control wpcf7-submit qodef-button qodef-size--normal qodef-layout--filled qodef-m\" type=\"submit\"><span class=\"qodef-m-text\">Send<\/span><span class=\"qodef-m-arrow\"><svg class=\"qodef-svg--button-arrow\" xmlns=\"http:\/\/www.w3.org\/2000\/svg\" width=\"10\" height=\"10\" viewbox=\"0 0 9.8 9.8\"><g><path d=\"m.4 9.4 9-9\"\/><path d=\"M.4.5h8.9\"\/><path d=\"M9.3 9.4V.5\"\/><\/g><g><path d=\"m.4 9.4 9-9\"\/><path d=\"M.4.5h8.9\"\/><path d=\"M9.3 9.4V.5\"\/><\/g><\/svg><\/span><\/button>\n\n<\/div><div class=\"wpcf7-response-output\" aria-hidden=\"true\"><\/div>\n<input type=\"hidden\" name=\"trp-form-language\" value=\"en\"\/><\/form>\n<\/div>\n\t\t\t<\/div>\n\t\t\t\t\t\t\t<\/div>\n\t\t\t\t<\/div>\n\t\t\t\t\t<\/div>\n\t\t<\/div>\n\t\t\t\t\t<\/div>\n\t\t<\/section>\n\t\t\t\t<section class=\"elementor-section elementor-top-section elementor-element elementor-element-546d826 elementor-section-full_width elementor-section-height-default elementor-section-height-default\" data-id=\"546d826\" data-element_type=\"section\" data-settings=\"{&quot;background_background&quot;:&quot;classic&quot;}\">\n\t\t\t\t\t\t<div class=\"elementor-container elementor-column-gap-default\">\n\t\t\t\t\t<div class=\"elementor-column elementor-col-100 elementor-top-column elementor-element elementor-element-ee0d335\" data-id=\"ee0d335\" data-element_type=\"column\">\n\t\t\t<div class=\"elementor-widget-wrap elementor-element-populated\">\n\t\t\t\t\t\t<div class=\"elementor-element elementor-element-05e6557 elementor-widget elementor-widget-leroux_core_text_marquee\" data-id=\"05e6557\" data-element_type=\"widget\" data-widget_type=\"leroux_core_text_marquee.default\">\n\t\t\t\t<div class=\"elementor-widget-container\">\n\t\t\t\t\t<div class=\"qodef-shortcode qodef-m  qodef-text-marquee qodef-text-marquee-430 qodef-layout--default qodef-direction--left\" >\n\t<div class=\"qodef-m-content\" style=\"font-size: 92px;line-height: 118px\">\n\t\t<div class=\"qodef-m-content-inner\">\n\t\t\t\t\t\t\t<span class=\"qodef-m-text-1\" style=\"color:#85979B\">\n\t\t\t\t\tThe bridge between talents &amp; opportunities\t\t\t\t<\/span>\n\t\t\t\t\t\t\t\t\t<span class=\"qodef-m-separator\" style=\"color:#85979B\">-<\/span>\n\t\t\t\t\t\t\t\t\t\t\t\t\t\t\t<\/div>\n\t<\/div>\n<\/div>\n\t\t\t\t<\/div>\n\t\t\t\t<\/div>\n\t\t\t\t\t<\/div>\n\t\t<\/div>\n\t\t\t\t\t<\/div>\n\t\t<\/section>\n\t\t\t\t<\/div>","protected":false},"excerpt":{"rendered":"<p>Kontakt Sie haben Fragen? Kontaktieren Sie uns \u00fcber das Formular. Die Br\u00fccke zwischen Talenten &amp; Chancen &#8211;<\/p>","protected":false},"author":1,"featured_media":0,"parent":0,"menu_order":0,"comment_status":"closed","ping_status":"closed","template":"page-full-width.php","meta":{"footnotes":""},"class_list":["post-6241","page","type-page","status-publish","hentry"],"yoast_head":"<!-- This site is optimized with the Yoast SEO plugin v24.3 - https:\/\/yoast.com\/wordpress\/plugins\/seo\/ -->\n<title>Kontakt - Austrian Job Network Association (AJNA)<\/title>\n<meta name=\"robots\" content=\"index, follow, max-snippet:-1, max-image-preview:large, max-video-preview:-1\" \/>\n<link rel=\"canonical\" href=\"https:\/\/www.austrianjob.com\/en\/kontakt\/\" \/>\n<meta property=\"og:locale\" content=\"en_GB\" \/>\n<meta property=\"og:type\" content=\"article\" \/>\n<meta property=\"og:title\" content=\"Kontakt - Austrian Job Network Association (AJNA)\" \/>\n<meta property=\"og:description\" content=\"Kontakt Sie haben Fragen? Kontaktieren Sie uns \u00fcber das Formular. Die Br\u00fccke zwischen Talenten &amp; Chancen &#8211;\" \/>\n<meta property=\"og:url\" content=\"https:\/\/www.austrianjob.com\/en\/kontakt\/\" \/>\n<meta property=\"og:site_name\" content=\"Austrian Job Network Association (AJNA)\" \/>\n<meta property=\"article:modified_time\" content=\"2024-05-22T10:19:38+00:00\" \/>\n<meta name=\"twitter:card\" content=\"summary_large_image\" \/>\n<meta name=\"twitter:label1\" content=\"Estimated reading time\" \/>\n\t<meta name=\"twitter:data1\" content=\"1 minute\" \/>\n<script type=\"application\/ld+json\" class=\"yoast-schema-graph\">{\"@context\":\"https:\/\/schema.org\",\"@graph\":[{\"@type\":\"WebPage\",\"@id\":\"https:\/\/www.austrianjob.com\/kontakt\/\",\"url\":\"https:\/\/www.austrianjob.com\/kontakt\/\",\"name\":\"Kontakt - Austrian Job Network Association (AJNA)\",\"isPartOf\":{\"@id\":\"https:\/\/www.austrianjob.com\/#website\"},\"datePublished\":\"2023-02-09T14:14:46+00:00\",\"dateModified\":\"2024-05-22T10:19:38+00:00\",\"breadcrumb\":{\"@id\":\"https:\/\/www.austrianjob.com\/kontakt\/#breadcrumb\"},\"inLanguage\":\"en-GB\",\"potentialAction\":[{\"@type\":\"ReadAction\",\"target\":[\"https:\/\/www.austrianjob.com\/kontakt\/\"]}]},{\"@type\":\"BreadcrumbList\",\"@id\":\"https:\/\/www.austrianjob.com\/kontakt\/#breadcrumb\",\"itemListElement\":[{\"@type\":\"ListItem\",\"position\":1,\"name\":\"Startseite\",\"item\":\"https:\/\/www.austrianjob.com\/\"},{\"@type\":\"ListItem\",\"position\":2,\"name\":\"Kontakt\"}]},{\"@type\":\"WebSite\",\"@id\":\"https:\/\/www.austrianjob.com\/#website\",\"url\":\"https:\/\/www.austrianjob.com\/\",\"name\":\"Austrian Job Network Association (AJNA)\",\"description\":\"Internationale Fachkr\u00e4fte f\u00fcr \u00f6sterreichische Betriebe\",\"potentialAction\":[{\"@type\":\"SearchAction\",\"target\":{\"@type\":\"EntryPoint\",\"urlTemplate\":\"https:\/\/www.austrianjob.com\/?s={search_term_string}\"},\"query-input\":{\"@type\":\"PropertyValueSpecification\",\"valueRequired\":true,\"valueName\":\"search_term_string\"}}],\"inLanguage\":\"en-GB\"}]}<\/script>\n<!-- \/ Yoast SEO plugin. -->","yoast_head_json":{"title":"Kontakt - Austrian Job Network Association (AJNA)","robots":{"index":"index","follow":"follow","max-snippet":"max-snippet:-1","max-image-preview":"max-image-preview:large","max-video-preview":"max-video-preview:-1"},"canonical":"https:\/\/www.austrianjob.com\/en\/kontakt\/","og_locale":"en_GB","og_type":"article","og_title":"Kontakt - Austrian Job Network Association (AJNA)","og_description":"Kontakt Sie haben Fragen? Kontaktieren Sie uns \u00fcber das Formular. Die Br\u00fccke zwischen Talenten &amp; Chancen &#8211;","og_url":"https:\/\/www.austrianjob.com\/en\/kontakt\/","og_site_name":"Austrian Job Network Association (AJNA)","article_modified_time":"2024-05-22T10:19:38+00:00","twitter_card":"summary_large_image","twitter_misc":{"Estimated reading time":"1 minute"},"schema":{"@context":"https:\/\/schema.org","@graph":[{"@type":"WebPage","@id":"https:\/\/www.austrianjob.com\/kontakt\/","url":"https:\/\/www.austrianjob.com\/kontakt\/","name":"Kontakt - Austrian Job Network Association (AJNA)","isPartOf":{"@id":"https:\/\/www.austrianjob.com\/#website"},"datePublished":"2023-02-09T14:14:46+00:00","dateModified":"2024-05-22T10:19:38+00:00","breadcrumb":{"@id":"https:\/\/www.austrianjob.com\/kontakt\/#breadcrumb"},"inLanguage":"en-GB","potentialAction":[{"@type":"ReadAction","target":["https:\/\/www.austrianjob.com\/kontakt\/"]}]},{"@type":"BreadcrumbList","@id":"https:\/\/www.austrianjob.com\/kontakt\/#breadcrumb","itemListElement":[{"@type":"ListItem","position":1,"name":"Startseite","item":"https:\/\/www.austrianjob.com\/"},{"@type":"ListItem","position":2,"name":"Kontakt"}]},{"@type":"WebSite","@id":"https:\/\/www.austrianjob.com\/#website","url":"https:\/\/www.austrianjob.com\/","name":"Austrian Job Network Association (AJNA)","description":"Internationale Fachkr\u00e4fte f\u00fcr \u00f6sterreichische Betriebe","potentialAction":[{"@type":"SearchAction","target":{"@type":"EntryPoint","urlTemplate":"https:\/\/www.austrianjob.com\/?s={search_term_string}"},"query-input":{"@type":"PropertyValueSpecification","valueRequired":true,"valueName":"search_term_string"}}],"inLanguage":"en-GB"}]}},"_links":{"self":[{"href":"https:\/\/www.austrianjob.com\/en\/wp-json\/wp\/v2\/pages\/6241","targetHints":{"allow":["GET"]}}],"collection":[{"href":"https:\/\/www.austrianjob.com\/en\/wp-json\/wp\/v2\/pages"}],"about":[{"href":"https:\/\/www.austrianjob.com\/en\/wp-json\/wp\/v2\/types\/page"}],"author":[{"embeddable":true,"href":"https:\/\/www.austrianjob.com\/en\/wp-json\/wp\/v2\/users\/1"}],"replies":[{"embeddable":true,"href":"https:\/\/www.austrianjob.com\/en\/wp-json\/wp\/v2\/comments?post=6241"}],"version-history":[{"count":17,"href":"https:\/\/www.austrianjob.com\/en\/wp-json\/wp\/v2\/pages\/6241\/revisions"}],"predecessor-version":[{"id":12137,"href":"https:\/\/www.austrianjob.com\/en\/wp-json\/wp\/v2\/pages\/6241\/revisions\/12137"}],"wp:attachment":[{"href":"https:\/\/www.austrianjob.com\/en\/wp-json\/wp\/v2\/media?parent=6241"}],"curies":[{"name":"wp","href":"https:\/\/api.w.org\/{rel}","templated":true}]}}